{"id":6912,"date":"2024-03-19T12:15:18","date_gmt":"2024-03-19T10:15:18","guid":{"rendered":"https:\/\/hansa-flex.it\/?page_id=6912"},"modified":"2024-04-09T19:24:39","modified_gmt":"2024-04-09T16:24:39","slug":"rohrleitungen","status":"publish","type":"page","link":"https:\/\/hansa-flex.it\/de\/produkte\/rohrleitungen\/","title":{"rendered":"Rohrleitungen"},"content":{"rendered":"\n<p>Das HANSA\u2011FLEX Rohrleitungsportfolio umfasst Kompensatoren, Rohrb\u00f6gen und Sonderarmaturen f\u00fcr Fluid-, Gas- und K\u00fchlwasser. HANSA\u2011FLEX kann dank modernster Fertigungstechnologien absolute Pr\u00e4zision, h\u00f6chste Qualit\u00e4t und schnelle Umsetzung exakt nach Kundenspezifikation gew\u00e4hrleisten.<\/p>\n","protected":false},"excerpt":{"rendered":"<p>Das HANSA\u2011FLEX Rohrleitungsportfolio umfasst Kompensatoren, Rohrb\u00f6gen und Sonderarmaturen f\u00fcr Fluid-, Gas- und K\u00fchlwasser. HANSA\u2011FLEX kann dank modernster Fertigungstechnologien absolute Pr\u00e4zision, h\u00f6chste Qualit\u00e4t und schnelle Umsetzung exakt nach Kundenspezifikation gew\u00e4hrleisten.<\/p>\n","protected":false},"author":3,"featured_media":5934,"parent":5842,"menu_order":0,"comment_status":"closed","ping_status":"closed","template":"","meta":{"_acf_changed":true,"footnotes":""},"class_list":["post-6912","page","type-page","status-publish","has-post-thumbnail","hentry"],"acf":[],"_links":{"self":[{"href":"https:\/\/hansa-flex.it\/de\/wp-json\/wp\/v2\/pages\/6912","targetHints":{"allow":["GET"]}}],"collection":[{"href":"https:\/\/hansa-flex.it\/de\/wp-json\/wp\/v2\/pages"}],"about":[{"href":"https:\/\/hansa-flex.it\/de\/wp-json\/wp\/v2\/types\/page"}],"author":[{"embeddable":true,"href":"https:\/\/hansa-flex.it\/de\/wp-json\/wp\/v2\/users\/3"}],"replies":[{"embeddable":true,"href":"https:\/\/hansa-flex.it\/de\/wp-json\/wp\/v2\/comments?post=6912"}],"version-history":[{"count":0,"href":"https:\/\/hansa-flex.it\/de\/wp-json\/wp\/v2\/pages\/6912\/revisions"}],"up":[{"embeddable":true,"href":"https:\/\/hansa-flex.it\/de\/wp-json\/wp\/v2\/pages\/5842"}],"wp:featuredmedia":[{"embeddable":true,"href":"https:\/\/hansa-flex.it\/de\/wp-json\/wp\/v2\/media\/5934"}],"wp:attachment":[{"href":"https:\/\/hansa-flex.it\/de\/wp-json\/wp\/v2\/media?parent=6912"}],"curies":[{"name":"wp","href":"https:\/\/api.w.org\/{rel}","templated":true}]}}