{"id":7232,"date":"2024-03-22T15:11:00","date_gmt":"2024-03-22T13:11:00","guid":{"rendered":"https:\/\/hansa-flex.it\/?page_id=7232"},"modified":"2024-04-10T11:54:18","modified_gmt":"2024-04-10T08:54:18","slug":"fluidmanagement","status":"publish","type":"page","link":"https:\/\/hansa-flex.it\/de\/services\/fluidmanagement\/","title":{"rendered":"Fluidmanagement"},"content":{"rendered":"\n<p>\u00d6lpflege ist ein zentraler Aspekt, um den st\u00f6rungsfreien Betrieb von hydraulischen Systemen und Anlagen zu gew\u00e4hrleisten. Verunreinigungen im Fluid k\u00f6nnen gravierende Auswirkungen haben.<\/p>\n","protected":false},"excerpt":{"rendered":"<p>\u00d6lpflege ist ein zentraler Aspekt, um den st\u00f6rungsfreien Betrieb von hydraulischen Systemen und Anlagen zu gew\u00e4hrleisten. Verunreinigungen im Fluid k\u00f6nnen gravierende Auswirkungen haben.<\/p>\n","protected":false},"author":3,"featured_media":7233,"parent":5848,"menu_order":0,"comment_status":"closed","ping_status":"closed","template":"","meta":{"_acf_changed":true,"footnotes":""},"class_list":["post-7232","page","type-page","status-publish","has-post-thumbnail","hentry"],"acf":[],"_links":{"self":[{"href":"https:\/\/hansa-flex.it\/de\/wp-json\/wp\/v2\/pages\/7232","targetHints":{"allow":["GET"]}}],"collection":[{"href":"https:\/\/hansa-flex.it\/de\/wp-json\/wp\/v2\/pages"}],"about":[{"href":"https:\/\/hansa-flex.it\/de\/wp-json\/wp\/v2\/types\/page"}],"author":[{"embeddable":true,"href":"https:\/\/hansa-flex.it\/de\/wp-json\/wp\/v2\/users\/3"}],"replies":[{"embeddable":true,"href":"https:\/\/hansa-flex.it\/de\/wp-json\/wp\/v2\/comments?post=7232"}],"version-history":[{"count":0,"href":"https:\/\/hansa-flex.it\/de\/wp-json\/wp\/v2\/pages\/7232\/revisions"}],"up":[{"embeddable":true,"href":"https:\/\/hansa-flex.it\/de\/wp-json\/wp\/v2\/pages\/5848"}],"wp:featuredmedia":[{"embeddable":true,"href":"https:\/\/hansa-flex.it\/de\/wp-json\/wp\/v2\/media\/7233"}],"wp:attachment":[{"href":"https:\/\/hansa-flex.it\/de\/wp-json\/wp\/v2\/media?parent=7232"}],"curies":[{"name":"wp","href":"https:\/\/api.w.org\/{rel}","templated":true}]}}