{"id":7259,"date":"2024-03-22T16:19:27","date_gmt":"2024-03-22T14:19:27","guid":{"rendered":"https:\/\/hansa-flex.it\/?page_id=7259"},"modified":"2024-04-10T11:55:49","modified_gmt":"2024-04-10T08:55:49","slug":"oel-analyse","status":"publish","type":"page","link":"https:\/\/hansa-flex.it\/de\/services\/fluidmanagement\/oel-analyse\/","title":{"rendered":"\u00d6l Analyse"},"content":{"rendered":"\n<p>Verunreinigung, Vermischung und \u00d6lalterung: Mit einer qualifizierten \u00d6lanalyse werden \u00f6lbedingte Probleme rechtzeitig erkannt und Ma\u00dfnahmen ergriffen, bevor es zu Verschlei\u00df und damit zum Stillstand kommt. Die Fluidspezialisten von HANSA\u2011FLEX f\u00fchren Untersuchungen direkt vor Ort oder im Labor durch, arbeiten Empfehlungen aus und setzen diese um. Zus\u00e4tzlich k\u00f6nnen \u00d6lzustands-Sensoren f\u00fcr die kontinuierliche Fluid-\u00dcberwachung eingesetzt werden.<\/p>\n","protected":false},"excerpt":{"rendered":"<p>Verunreinigung, Vermischung und \u00d6lalterung: Mit einer qualifizierten \u00d6lanalyse werden \u00f6lbedingte Probleme rechtzeitig erkannt und Ma\u00dfnahmen ergriffen, bevor es zu Verschlei\u00df und damit zum Stillstand kommt. Die Fluidspezialisten von HANSA\u2011FLEX f\u00fchren Untersuchungen direkt vor Ort oder im Labor durch, arbeiten Empfehlungen aus und setzen diese um. Zus\u00e4tzlich k\u00f6nnen \u00d6lzustands-Sensoren f\u00fcr die kontinuierliche Fluid-\u00dcberwachung eingesetzt werden.<\/p>\n","protected":false},"author":3,"featured_media":7260,"parent":7232,"menu_order":0,"comment_status":"closed","ping_status":"closed","template":"","meta":{"_acf_changed":true,"footnotes":""},"class_list":["post-7259","page","type-page","status-publish","has-post-thumbnail","hentry"],"acf":[],"_links":{"self":[{"href":"https:\/\/hansa-flex.it\/de\/wp-json\/wp\/v2\/pages\/7259","targetHints":{"allow":["GET"]}}],"collection":[{"href":"https:\/\/hansa-flex.it\/de\/wp-json\/wp\/v2\/pages"}],"about":[{"href":"https:\/\/hansa-flex.it\/de\/wp-json\/wp\/v2\/types\/page"}],"author":[{"embeddable":true,"href":"https:\/\/hansa-flex.it\/de\/wp-json\/wp\/v2\/users\/3"}],"replies":[{"embeddable":true,"href":"https:\/\/hansa-flex.it\/de\/wp-json\/wp\/v2\/comments?post=7259"}],"version-history":[{"count":0,"href":"https:\/\/hansa-flex.it\/de\/wp-json\/wp\/v2\/pages\/7259\/revisions"}],"up":[{"embeddable":true,"href":"https:\/\/hansa-flex.it\/de\/wp-json\/wp\/v2\/pages\/7232"}],"wp:featuredmedia":[{"embeddable":true,"href":"https:\/\/hansa-flex.it\/de\/wp-json\/wp\/v2\/media\/7260"}],"wp:attachment":[{"href":"https:\/\/hansa-flex.it\/de\/wp-json\/wp\/v2\/media?parent=7259"}],"curies":[{"name":"wp","href":"https:\/\/api.w.org\/{rel}","templated":true}]}}