{"id":7532,"date":"2024-03-25T10:50:01","date_gmt":"2024-03-25T08:50:01","guid":{"rendered":"https:\/\/hansa-flex.it\/?page_id=7532"},"modified":"2024-04-12T16:11:11","modified_gmt":"2024-04-12T14:11:11","slug":"hydraulikzylinder-reparatur","status":"publish","type":"page","link":"https:\/\/hansa-flex.it\/de\/services\/reparatur-und-ueberholung\/hydraulikzylinder-reparatur\/","title":{"rendered":"Hydraulikzylinder-Reparatur"},"content":{"rendered":"\n<p>Hydraulikzylinder werden durch das kontinuierliche Heben und Senken extrem beansprucht. Die Folge ist Verschlei\u00df, der den gesamten Arbeitsprozess gef\u00e4hrdet. Eine \u00dcberholung ist eine attraktive Alternative zum Neukauf. Das HANSA\u2011FLEX Zylinderreparaturzentrum f\u00fchrt herstellerunabh\u00e4ngige Reparaturen von Hydraulikzylindern aller Baugr\u00f6\u00dfen, Hydraulikpumpen, Ventilen, Aggregaten und Motoren innerhalb k\u00fcrzester Zeit bei minimalen Ausfallzeiten durch.<\/p>\n","protected":false},"excerpt":{"rendered":"<p>Hydraulikzylinder werden durch das kontinuierliche Heben und Senken extrem beansprucht. Die Folge ist Verschlei\u00df, der den gesamten Arbeitsprozess gef\u00e4hrdet. Eine \u00dcberholung ist eine attraktive Alternative zum Neukauf. Das HANSA\u2011FLEX Zylinderreparaturzentrum f\u00fchrt herstellerunabh\u00e4ngige Reparaturen von Hydraulikzylindern aller Baugr\u00f6\u00dfen, Hydraulikpumpen, Ventilen, Aggregaten und Motoren innerhalb k\u00fcrzester Zeit bei minimalen Ausfallzeiten durch.<\/p>\n","protected":false},"author":3,"featured_media":7533,"parent":7525,"menu_order":0,"comment_status":"closed","ping_status":"closed","template":"","meta":{"_acf_changed":true,"footnotes":""},"class_list":["post-7532","page","type-page","status-publish","has-post-thumbnail","hentry"],"acf":[],"_links":{"self":[{"href":"https:\/\/hansa-flex.it\/de\/wp-json\/wp\/v2\/pages\/7532","targetHints":{"allow":["GET"]}}],"collection":[{"href":"https:\/\/hansa-flex.it\/de\/wp-json\/wp\/v2\/pages"}],"about":[{"href":"https:\/\/hansa-flex.it\/de\/wp-json\/wp\/v2\/types\/page"}],"author":[{"embeddable":true,"href":"https:\/\/hansa-flex.it\/de\/wp-json\/wp\/v2\/users\/3"}],"replies":[{"embeddable":true,"href":"https:\/\/hansa-flex.it\/de\/wp-json\/wp\/v2\/comments?post=7532"}],"version-history":[{"count":0,"href":"https:\/\/hansa-flex.it\/de\/wp-json\/wp\/v2\/pages\/7532\/revisions"}],"up":[{"embeddable":true,"href":"https:\/\/hansa-flex.it\/de\/wp-json\/wp\/v2\/pages\/7525"}],"wp:featuredmedia":[{"embeddable":true,"href":"https:\/\/hansa-flex.it\/de\/wp-json\/wp\/v2\/media\/7533"}],"wp:attachment":[{"href":"https:\/\/hansa-flex.it\/de\/wp-json\/wp\/v2\/media?parent=7532"}],"curies":[{"name":"wp","href":"https:\/\/api.w.org\/{rel}","templated":true}]}}