{"id":7851,"date":"2024-03-26T14:56:38","date_gmt":"2024-03-26T12:56:38","guid":{"rendered":"https:\/\/hansa-flex.it\/?page_id=7851"},"modified":"2024-03-27T11:15:56","modified_gmt":"2024-03-27T09:15:56","slug":"initiativbewerbungen","status":"publish","type":"page","link":"https:\/\/hansa-flex.it\/de\/karriere\/initiativbewerbungen\/","title":{"rendered":"Initiativbewerbungen"},"content":{"rendered":"\n<p>Unsere Herzen schlagen f\u00fcr Maschinen. Ihres auch, aber die passende Stelle ist nicht ausgeschrieben? Dann bewerben Sie sich initiativ bei uns! Wir stellen uns t\u00e4glich verschiedenen Herausforderungen und sorgen mit Leidenschaft daf\u00fcr, dass alles wie geschmiert l\u00e4uft. Dazu suchen wir stets engagierte Talente aus unterschiedlichen Fachrichtungen.<\/p>\n\n\n\n<p>Sie m\u00f6chten sich bewerben? Nutzen Sie dazu einfach unser Onlineformular. Wir freuen uns auf Sie!<\/p>\n","protected":false},"excerpt":{"rendered":"<p>Unsere Herzen schlagen f\u00fcr Maschinen. Ihres auch, aber die passende Stelle ist nicht ausgeschrieben? Dann bewerben Sie sich initiativ bei uns! Wir stellen uns t\u00e4glich verschiedenen Herausforderungen und sorgen mit Leidenschaft daf\u00fcr, dass alles wie geschmiert l\u00e4uft. Dazu suchen wir stets engagierte Talente aus unterschiedlichen Fachrichtungen. Sie m\u00f6chten sich bewerben? Nutzen Sie dazu einfach unser [&hellip;]<\/p>\n","protected":false},"author":3,"featured_media":7762,"parent":5850,"menu_order":0,"comment_status":"closed","ping_status":"closed","template":"","meta":{"_acf_changed":false,"footnotes":""},"class_list":["post-7851","page","type-page","status-publish","has-post-thumbnail","hentry"],"acf":[],"_links":{"self":[{"href":"https:\/\/hansa-flex.it\/de\/wp-json\/wp\/v2\/pages\/7851","targetHints":{"allow":["GET"]}}],"collection":[{"href":"https:\/\/hansa-flex.it\/de\/wp-json\/wp\/v2\/pages"}],"about":[{"href":"https:\/\/hansa-flex.it\/de\/wp-json\/wp\/v2\/types\/page"}],"author":[{"embeddable":true,"href":"https:\/\/hansa-flex.it\/de\/wp-json\/wp\/v2\/users\/3"}],"replies":[{"embeddable":true,"href":"https:\/\/hansa-flex.it\/de\/wp-json\/wp\/v2\/comments?post=7851"}],"version-history":[{"count":0,"href":"https:\/\/hansa-flex.it\/de\/wp-json\/wp\/v2\/pages\/7851\/revisions"}],"up":[{"embeddable":true,"href":"https:\/\/hansa-flex.it\/de\/wp-json\/wp\/v2\/pages\/5850"}],"wp:featuredmedia":[{"embeddable":true,"href":"https:\/\/hansa-flex.it\/de\/wp-json\/wp\/v2\/media\/7762"}],"wp:attachment":[{"href":"https:\/\/hansa-flex.it\/de\/wp-json\/wp\/v2\/media?parent=7851"}],"curies":[{"name":"wp","href":"https:\/\/api.w.org\/{rel}","templated":true}]}}